{"id":24737,"date":"2026-04-17T09:42:09","date_gmt":"2026-04-17T08:42:09","guid":{"rendered":"https:\/\/kcsfoundation.org\/politika-e-cookies\/"},"modified":"2026-04-17T09:49:03","modified_gmt":"2026-04-17T08:49:03","slug":"politika-e-cookies","status":"publish","type":"page","link":"https:\/\/kcsfoundation.org\/sr\/politika-e-cookies\/","title":{"rendered":"POLITIKA KOLA\u010cI\u0106A"},"content":{"rendered":"\t\t<div data-elementor-type=\"wp-page\" data-elementor-id=\"24737\" class=\"elementor elementor-24737 elementor-24728\" data-elementor-post-type=\"page\">\n\t\t\t\t<div class=\"elementor-element elementor-element-50aee29 e-flex e-con-boxed e-con e-parent\" data-id=\"50aee29\" data-element_type=\"container\" data-e-type=\"container\">\n\t\t\t\t\t<div class=\"e-con-inner\">\n\t\t\t\t<div class=\"elementor-element elementor-element-394c8ca elementor-widget elementor-widget-heading\" data-id=\"394c8ca\" data-element_type=\"widget\" data-e-type=\"widget\" data-widget_type=\"heading.default\">\n\t\t\t\t<div class=\"elementor-widget-container\">\n\t\t\t\t\t<h2 class=\"elementor-heading-title elementor-size-default\">POLITIKA KOLA\u010cI\u0106A<\/h2>\t\t\t\t<\/div>\n\t\t\t\t<\/div>\n\t\t\t\t\t<\/div>\n\t\t\t\t<\/div>\n\t\t<div class=\"elementor-element elementor-element-be21d5b e-flex e-con-boxed e-con e-parent\" data-id=\"be21d5b\" data-element_type=\"container\" data-e-type=\"container\">\n\t\t\t\t\t<div class=\"e-con-inner\">\n\t\t\t\t<div class=\"elementor-element elementor-element-ccbc2a6 elementor-widget elementor-widget-text-editor\" data-id=\"ccbc2a6\" data-element_type=\"widget\" data-e-type=\"widget\" data-widget_type=\"text-editor.default\">\n\t\t\t\t<div class=\"elementor-widget-container\">\n\t\t\t\t\t\t\t\t\t<p><strong>Politika kola\u010di\u0107a<\/strong><\/p><p>Ova politika obja\u0161njava upotrebu kola\u010di\u0107a od strane KCSF.<\/p><p><strong> \u0160ta su kola\u010di\u0107i?<\/strong><\/p><p>Mali fajlovi na va\u0161em ure\u0111aju.<\/p><p><strong> Vrste kola\u010di\u0107a<\/strong><\/p><ol><li>Neophodni<\/li><li>Analiti\u010dki<\/li><li>Marketin\u0161ki<\/li><li>Funkcionalni<\/li><\/ol><p><strong> Saglasnost<\/strong><\/p><p>Neophodni kola\u010di\u0107i rade odmah, ostali tek nakon pristanka.<\/p><p><strong> Upotreba<\/strong><\/p><p>Koriste se za:<\/p><ol><li>Funkcionalnost<\/li><li>Analizu<\/li><li>Pobolj\u0161anje<\/li><li>Komunikaciju<\/li><\/ol><p><strong> Kola\u010di\u0107i tre\u0107ih strana<\/strong><\/p><ol><li>Google Analytics<\/li><li>Google Tag Manager<\/li><li>Meta<\/li><li>YouTube<\/li><li>Mailchimp<\/li><\/ol><p><strong> Upravljanje<\/strong><\/p><p>Mo\u017eete ih kontrolisati putem browser-a ili cookie bannera.<\/p><p><strong> A\u017euriranja<\/strong><\/p><p>Ova politika mo\u017ee biti periodi\u010dno a\u017eurirana.<\/p><p><strong> Kontakt<\/strong><\/p><p>\ud83d\udce9 <a href=\"mailto:office@kcsfoundation.org\">office@kcsfoundation.org<\/a><br>\ud83d\udcde +383 38 600 633<\/p>\t\t\t\t\t\t\t\t<\/div>\n\t\t\t\t<\/div>\n\t\t\t\t\t<\/div>\n\t\t\t\t<\/div>\n\t\t\t\t<\/div>\n\t\t","protected":false},"excerpt":{"rendered":"<p>POLITIKA KOLA\u010cI\u0106A Politika kola\u010di\u0107a Ova politika obja\u0161njava upotrebu kola\u010di\u0107a od strane KCSF. \u0160ta su kola\u010di\u0107i? Mali fajlovi na va\u0161em ure\u0111aju. Vrste kola\u010di\u0107a Neophodni Analiti\u010dki Marketin\u0161ki Funkcionalni Saglasnost Neophodni kola\u010di\u0107i rade odmah, ostali tek nakon pristanka. Upotreba Koriste se za: Funkcionalnost Analizu Pobolj\u0161anje Komunikaciju Kola\u010di\u0107i tre\u0107ih strana Google Analytics Google Tag Manager Meta YouTube Mailchimp Upravljanje [&hellip;]<\/p>\n","protected":false},"author":3,"featured_media":0,"parent":0,"menu_order":3,"comment_status":"closed","ping_status":"closed","template":"","meta":{"_acf_changed":false,"inline_featured_image":false,"footnotes":""},"class_list":["post-24737","page","type-page","status-publish","hentry"],"acf":[],"yoast_head":"<!-- This site is optimized with the Yoast SEO plugin v27.4 - https:\/\/yoast.com\/product\/yoast-seo-wordpress\/ -->\n<title>POLITIKA KOLA\u010cI\u0106A - KCSF<\/title>\n<meta name=\"robots\" content=\"index, follow, max-snippet:-1, max-image-preview:large, max-video-preview:-1\" \/>\n<link rel=\"canonical\" href=\"https:\/\/kcsfoundation.org\/sr\/politika-e-cookies\/\" \/>\n<meta property=\"og:locale\" content=\"sr_RS\" \/>\n<meta property=\"og:type\" content=\"article\" \/>\n<meta property=\"og:title\" content=\"POLITIKA KOLA\u010cI\u0106A - KCSF\" \/>\n<meta property=\"og:description\" content=\"POLITIKA KOLA\u010cI\u0106A Politika kola\u010di\u0107a Ova politika obja\u0161njava upotrebu kola\u010di\u0107a od strane KCSF. \u0160ta su kola\u010di\u0107i? Mali fajlovi na va\u0161em ure\u0111aju. Vrste kola\u010di\u0107a Neophodni Analiti\u010dki Marketin\u0161ki Funkcionalni Saglasnost Neophodni kola\u010di\u0107i rade odmah, ostali tek nakon pristanka. Upotreba Koriste se za: Funkcionalnost Analizu Pobolj\u0161anje Komunikaciju Kola\u010di\u0107i tre\u0107ih strana Google Analytics Google Tag Manager Meta YouTube Mailchimp Upravljanje [&hellip;]\" \/>\n<meta property=\"og:url\" content=\"https:\/\/kcsfoundation.org\/sr\/politika-e-cookies\/\" \/>\n<meta property=\"og:site_name\" content=\"KCSF\" \/>\n<meta property=\"article:publisher\" content=\"https:\/\/www.facebook.com\/KCSFoundation\" \/>\n<meta property=\"article:modified_time\" content=\"2026-04-17T08:49:03+00:00\" \/>\n<meta name=\"twitter:card\" content=\"summary_large_image\" \/>\n<script type=\"application\/ld+json\" class=\"yoast-schema-graph\">{\"@context\":\"https:\\\/\\\/schema.org\",\"@graph\":[{\"@type\":\"WebPage\",\"@id\":\"https:\\\/\\\/kcsfoundation.org\\\/sr\\\/politika-e-cookies\\\/\",\"url\":\"https:\\\/\\\/kcsfoundation.org\\\/sr\\\/politika-e-cookies\\\/\",\"name\":\"POLITIKA KOLA\u010cI\u0106A - KCSF\",\"isPartOf\":{\"@id\":\"https:\\\/\\\/kcsfoundation.org\\\/sr\\\/#website\"},\"datePublished\":\"2026-04-17T08:42:09+00:00\",\"dateModified\":\"2026-04-17T08:49:03+00:00\",\"breadcrumb\":{\"@id\":\"https:\\\/\\\/kcsfoundation.org\\\/sr\\\/politika-e-cookies\\\/#breadcrumb\"},\"inLanguage\":\"sr-RS\",\"potentialAction\":[{\"@type\":\"ReadAction\",\"target\":[\"https:\\\/\\\/kcsfoundation.org\\\/sr\\\/politika-e-cookies\\\/\"]}]},{\"@type\":\"BreadcrumbList\",\"@id\":\"https:\\\/\\\/kcsfoundation.org\\\/sr\\\/politika-e-cookies\\\/#breadcrumb\",\"itemListElement\":[{\"@type\":\"ListItem\",\"position\":1,\"name\":\"Home\",\"item\":\"https:\\\/\\\/kcsfoundation.org\\\/sr\\\/\"},{\"@type\":\"ListItem\",\"position\":2,\"name\":\"POLITIKA KOLA\u010cI\u0106A\"}]},{\"@type\":\"WebSite\",\"@id\":\"https:\\\/\\\/kcsfoundation.org\\\/sr\\\/#website\",\"url\":\"https:\\\/\\\/kcsfoundation.org\\\/sr\\\/\",\"name\":\"KCSF\",\"description\":\"Kosovar Civil Society Foundation\",\"publisher\":{\"@id\":\"https:\\\/\\\/kcsfoundation.org\\\/sr\\\/#organization\"},\"potentialAction\":[{\"@type\":\"SearchAction\",\"target\":{\"@type\":\"EntryPoint\",\"urlTemplate\":\"https:\\\/\\\/kcsfoundation.org\\\/sr\\\/?s={search_term_string}\"},\"query-input\":{\"@type\":\"PropertyValueSpecification\",\"valueRequired\":true,\"valueName\":\"search_term_string\"}}],\"inLanguage\":\"sr-RS\"},{\"@type\":\"Organization\",\"@id\":\"https:\\\/\\\/kcsfoundation.org\\\/sr\\\/#organization\",\"name\":\"KCSF\",\"url\":\"https:\\\/\\\/kcsfoundation.org\\\/sr\\\/\",\"logo\":{\"@type\":\"ImageObject\",\"inLanguage\":\"sr-RS\",\"@id\":\"https:\\\/\\\/kcsfoundation.org\\\/sr\\\/#\\\/schema\\\/logo\\\/image\\\/\",\"url\":\"https:\\\/\\\/kcsfoundation.org\\\/wp-content\\\/uploads\\\/2023\\\/05\\\/logo.svg\",\"contentUrl\":\"https:\\\/\\\/kcsfoundation.org\\\/wp-content\\\/uploads\\\/2023\\\/05\\\/logo.svg\",\"width\":138,\"height\":46,\"caption\":\"KCSF\"},\"image\":{\"@id\":\"https:\\\/\\\/kcsfoundation.org\\\/sr\\\/#\\\/schema\\\/logo\\\/image\\\/\"},\"sameAs\":[\"https:\\\/\\\/www.facebook.com\\\/KCSFoundation\"]}]}<\/script>\n<!-- \/ Yoast SEO plugin. -->","yoast_head_json":{"title":"POLITIKA KOLA\u010cI\u0106A - KCSF","robots":{"index":"index","follow":"follow","max-snippet":"max-snippet:-1","max-image-preview":"max-image-preview:large","max-video-preview":"max-video-preview:-1"},"canonical":"https:\/\/kcsfoundation.org\/sr\/politika-e-cookies\/","og_locale":"sr_RS","og_type":"article","og_title":"POLITIKA KOLA\u010cI\u0106A - KCSF","og_description":"POLITIKA KOLA\u010cI\u0106A Politika kola\u010di\u0107a Ova politika obja\u0161njava upotrebu kola\u010di\u0107a od strane KCSF. \u0160ta su kola\u010di\u0107i? Mali fajlovi na va\u0161em ure\u0111aju. Vrste kola\u010di\u0107a Neophodni Analiti\u010dki Marketin\u0161ki Funkcionalni Saglasnost Neophodni kola\u010di\u0107i rade odmah, ostali tek nakon pristanka. Upotreba Koriste se za: Funkcionalnost Analizu Pobolj\u0161anje Komunikaciju Kola\u010di\u0107i tre\u0107ih strana Google Analytics Google Tag Manager Meta YouTube Mailchimp Upravljanje [&hellip;]","og_url":"https:\/\/kcsfoundation.org\/sr\/politika-e-cookies\/","og_site_name":"KCSF","article_publisher":"https:\/\/www.facebook.com\/KCSFoundation","article_modified_time":"2026-04-17T08:49:03+00:00","twitter_card":"summary_large_image","schema":{"@context":"https:\/\/schema.org","@graph":[{"@type":"WebPage","@id":"https:\/\/kcsfoundation.org\/sr\/politika-e-cookies\/","url":"https:\/\/kcsfoundation.org\/sr\/politika-e-cookies\/","name":"POLITIKA KOLA\u010cI\u0106A - KCSF","isPartOf":{"@id":"https:\/\/kcsfoundation.org\/sr\/#website"},"datePublished":"2026-04-17T08:42:09+00:00","dateModified":"2026-04-17T08:49:03+00:00","breadcrumb":{"@id":"https:\/\/kcsfoundation.org\/sr\/politika-e-cookies\/#breadcrumb"},"inLanguage":"sr-RS","potentialAction":[{"@type":"ReadAction","target":["https:\/\/kcsfoundation.org\/sr\/politika-e-cookies\/"]}]},{"@type":"BreadcrumbList","@id":"https:\/\/kcsfoundation.org\/sr\/politika-e-cookies\/#breadcrumb","itemListElement":[{"@type":"ListItem","position":1,"name":"Home","item":"https:\/\/kcsfoundation.org\/sr\/"},{"@type":"ListItem","position":2,"name":"POLITIKA KOLA\u010cI\u0106A"}]},{"@type":"WebSite","@id":"https:\/\/kcsfoundation.org\/sr\/#website","url":"https:\/\/kcsfoundation.org\/sr\/","name":"KCSF","description":"Kosovar Civil Society Foundation","publisher":{"@id":"https:\/\/kcsfoundation.org\/sr\/#organization"},"potentialAction":[{"@type":"SearchAction","target":{"@type":"EntryPoint","urlTemplate":"https:\/\/kcsfoundation.org\/sr\/?s={search_term_string}"},"query-input":{"@type":"PropertyValueSpecification","valueRequired":true,"valueName":"search_term_string"}}],"inLanguage":"sr-RS"},{"@type":"Organization","@id":"https:\/\/kcsfoundation.org\/sr\/#organization","name":"KCSF","url":"https:\/\/kcsfoundation.org\/sr\/","logo":{"@type":"ImageObject","inLanguage":"sr-RS","@id":"https:\/\/kcsfoundation.org\/sr\/#\/schema\/logo\/image\/","url":"https:\/\/kcsfoundation.org\/wp-content\/uploads\/2023\/05\/logo.svg","contentUrl":"https:\/\/kcsfoundation.org\/wp-content\/uploads\/2023\/05\/logo.svg","width":138,"height":46,"caption":"KCSF"},"image":{"@id":"https:\/\/kcsfoundation.org\/sr\/#\/schema\/logo\/image\/"},"sameAs":["https:\/\/www.facebook.com\/KCSFoundation"]}]}},"_links":{"self":[{"href":"https:\/\/kcsfoundation.org\/sr\/wp-json\/wp\/v2\/pages\/24737","targetHints":{"allow":["GET"]}}],"collection":[{"href":"https:\/\/kcsfoundation.org\/sr\/wp-json\/wp\/v2\/pages"}],"about":[{"href":"https:\/\/kcsfoundation.org\/sr\/wp-json\/wp\/v2\/types\/page"}],"author":[{"embeddable":true,"href":"https:\/\/kcsfoundation.org\/sr\/wp-json\/wp\/v2\/users\/3"}],"replies":[{"embeddable":true,"href":"https:\/\/kcsfoundation.org\/sr\/wp-json\/wp\/v2\/comments?post=24737"}],"version-history":[{"count":2,"href":"https:\/\/kcsfoundation.org\/sr\/wp-json\/wp\/v2\/pages\/24737\/revisions"}],"predecessor-version":[{"id":24739,"href":"https:\/\/kcsfoundation.org\/sr\/wp-json\/wp\/v2\/pages\/24737\/revisions\/24739"}],"wp:attachment":[{"href":"https:\/\/kcsfoundation.org\/sr\/wp-json\/wp\/v2\/media?parent=24737"}],"curies":[{"name":"wp","href":"https:\/\/api.w.org\/{rel}","templated":true}]}}