{"id":24721,"date":"2026-04-17T09:01:49","date_gmt":"2026-04-17T08:01:49","guid":{"rendered":"https:\/\/kcsfoundation.org\/politika-e-privatesise\/"},"modified":"2026-04-17T09:35:35","modified_gmt":"2026-04-17T08:35:35","slug":"politika-e-privatesise","status":"publish","type":"page","link":"https:\/\/kcsfoundation.org\/sr\/politika-e-privatesise\/","title":{"rendered":"POLITIKA PRIVATNOSTI"},"content":{"rendered":"\t\t<div data-elementor-type=\"wp-page\" data-elementor-id=\"24721\" class=\"elementor elementor-24721 elementor-24706\" data-elementor-post-type=\"page\">\n\t\t\t\t<div class=\"elementor-element elementor-element-4c32fde e-flex e-con-boxed e-con e-parent\" data-id=\"4c32fde\" data-element_type=\"container\" data-e-type=\"container\">\n\t\t\t\t\t<div class=\"e-con-inner\">\n\t\t\t\t<div class=\"elementor-element elementor-element-0cf9cf4 elementor-widget elementor-widget-heading\" data-id=\"0cf9cf4\" data-element_type=\"widget\" data-e-type=\"widget\" data-widget_type=\"heading.default\">\n\t\t\t\t<div class=\"elementor-widget-container\">\n\t\t\t\t\t<h2 class=\"elementor-heading-title elementor-size-default\">POLITIKA PRIVATNOSTI<\/h2>\t\t\t\t<\/div>\n\t\t\t\t<\/div>\n\t\t\t\t\t<\/div>\n\t\t\t\t<\/div>\n\t\t<div class=\"elementor-element elementor-element-22619ac e-flex e-con-boxed e-con e-parent\" data-id=\"22619ac\" data-element_type=\"container\" data-e-type=\"container\">\n\t\t\t\t\t<div class=\"e-con-inner\">\n\t\t\t\t<div class=\"elementor-element elementor-element-74c2dbb elementor-widget elementor-widget-text-editor\" data-id=\"74c2dbb\" data-element_type=\"widget\" data-e-type=\"widget\" data-widget_type=\"text-editor.default\">\n\t\t\t\t<div class=\"elementor-widget-container\">\n\t\t\t\t\t\t\t\t\t<p>U Kosovar Civil Society Foundation (KCSF) posve\u0107eni smo za\u0161titi va\u0161ih li\u010dnih podataka u skladu sa GDPR i zakonima Kosova.<\/p>\n<p><strong>Rukovalac podataka<\/strong><\/p>\n<p>Rukovalac odgovoran za obradu va\u0161ih li\u010dnih podataka je:<\/p>\n<p>Kosovar Civil Society Foundation (KCSF)<br>Adresa: Besa Imami, Lam A, H1, Kat.12, nr. 65-1, Lakrisht\u00eb, Pri\u0161tina, Kosovo<br>Telefon: +383 38 600 633<br>Email:<a href=\"mailto:office@kcsfoundation.org\"> office@kcsfoundation.org<\/a><\/p>\n<p><strong>Koje podatke prikupljamo<\/strong><\/p>\n<p>Mo\u017eemo prikupljati i obra\u0111ivati slede\u0107e li\u010dne podatke:<\/p>\n<ol>\n<li>Li\u010dni podaci: ime, prezime, email adresa, broj telefona<\/li>\n<li>Tehni\u010dki podaci: IP adresa, tip pretra\u017eiva\u010da, informacije o ure\u0111aju<\/li>\n<li>Podaci o kori\u0161\u0107enju: pose\u0107ene stranice, trajanje sesije, interakcije<\/li>\n<li>Komunikacioni podaci: poruke poslate putem kontakt forme ili email-a<\/li>\n<li>Marketin\u0161ki podaci: preferencije za newsletter i podaci o pretplati<\/li>\n<\/ol>\n<p> <\/p>\n<p><strong>Kako koristimo va\u0161e podatke<\/strong><\/p>\n<p>Va\u0161e li\u010dne podatke obra\u0111ujemo u svrhu:<\/p>\n<ol>\n<li>Odgovaranja na va\u0161e upite i zahteve<\/li>\n<li>Pru\u017eanja informacija o na\u0161im programima i aktivnostima<\/li>\n<li>Slanja newsletter-a putem Mailchimp-a (samo ako ste se prijavili)<\/li>\n<li>Pobolj\u0161anja funkcionalnosti sajta i korisni\u010dkog iskustva<\/li>\n<li>Obezbe\u0111ivanja sigurnosti i spre\u010davanja zloupotrebe<\/li>\n<li>Ispunjavanja zakonskih i izve\u0161tajnih obaveza<\/li>\n<\/ol>\n<p><strong>Pravni osnov obrade<\/strong><\/p>\n<p>Obrada podataka se zasniva na slede\u0107em:<\/p>\n<ol>\n<li>Saglasnost (npr. kola\u010di\u0107i, prijava na newsletter)<\/li>\n<li>Legitiman interes (npr. unapre\u0111enje sajta, bezbednost)<\/li>\n<li>Zakonska obaveza (npr. uskla\u0111enost sa zahtevima donatora i izve\u0161tavanja)<\/li>\n<\/ol>\n<p><strong>Period \u010duvanja podataka<\/strong><\/p>\n<ol>\n<li>Podaci iz kontakt forme: do 12 meseci<\/li>\n<li>Podaci o newsletter pretplati: dok se ne odjavite<\/li>\n<li>Analiti\u010dki podaci: do 14 meseci<\/li>\n<li>Email komunikacija: do 24 meseca, osim ako zakon ne zahteva du\u017ee<\/li>\n<\/ol>\n<p> <\/p>\n<p><strong> Deljenje podataka i obra\u0111iva\u010di tre\u0107ih strana<\/strong><\/p>\n<p>Mo\u017eemo deliti podatke sa pouzdanim tre\u0107im stranama, uklju\u010duju\u0107i:<\/p>\n<ol>\n<li>Hosting provajder (privatni server u Nema\u010dkoj \u2013 Hetzner)<\/li>\n<li>Google Analytics i Google Tag Manager<\/li>\n<li>Meta (Pixel)<\/li>\n<li>Mailchimp<\/li>\n<li>YouTube<\/li>\n<\/ol>\n<p> <\/p>\n<p><strong> Me\u0111unarodni prenos podataka<\/strong><\/p>\n<p>Neki servisi koje koristimo (kao \u0161to su Google, Meta i Mailchimp) mogu prenositi li\u010dne podatke van Kosova i Evropskog ekonomskog prostora (EEA), uklju\u010duju\u0107i Sjedinjene Ameri\u010dke Dr\u017eave.<br>U takvim slu\u010dajevima, KCSF obezbe\u0111uje odgovaraju\u0107e za\u0161titne mere, uklju\u010duju\u0107i:<\/p>\n<ol>\n<li>Standardne ugovorne klauzule (SCC)<\/li>\n<\/ol>\n<p> <\/p>\n<p><strong> Va\u0161a prava<\/strong><\/p>\n<p>Imate pravo da:<\/p>\n<ol>\n<li>Pristupite svojim li\u010dnim podacima<\/li>\n<li>Zatra\u017eite ispravku ili brisanje podataka<\/li>\n<li>Ograni\u010dite ili ulo\u017eite prigovor na obradu<\/li>\n<li>Povu\u010dete saglasnost u bilo kom trenutku<\/li>\n<li>Podnesete \u017ealbu nadle\u017enom organu za za\u0161titu podataka<\/li>\n<\/ol>\n<p> <\/p>\n<p><strong> Kako da ostvarite svoja prava<\/strong><\/p>\n<p>Da biste ostvarili svoja prava, mo\u017eete nas kontaktirati putem:<br><a href=\"mailto:office@kcsfoundation.org\">office@kcsfoundation.org<\/a><\/p>\n<p>Odgovori\u0107emo na va\u0161 zahtev u roku od 30 dana, u skladu sa GDPR pravilima.<\/p>\n<p> <\/p>\n<p><strong> Bezbednost podataka<\/strong><\/p>\n<p>KCSF primenjuje odgovaraju\u0107e tehni\u010dke i organizacione mere za za\u0161titu va\u0161ih podataka, uklju\u010duju\u0107i siguran hosting, kontrolisan pristup i sisteme nadzora.<\/p>\n<p> <\/p>\n<p><strong> Izmene ove politike<\/strong><\/p>\n<p>Mo\u017eemo povremeno a\u017eurirati ovu Politiku privatnosti. Sve izmene bi\u0107e objavljene na ovoj stranici.<\/p>\t\t\t\t\t\t\t\t<\/div>\n\t\t\t\t<\/div>\n\t\t\t\t\t<\/div>\n\t\t\t\t<\/div>\n\t\t\t\t<\/div>\n\t\t","protected":false},"excerpt":{"rendered":"<p>POLITIKA PRIVATNOSTI U Kosovar Civil Society Foundation (KCSF) posve\u0107eni smo za\u0161titi va\u0161ih li\u010dnih podataka u skladu sa GDPR i zakonima Kosova. Rukovalac podataka Rukovalac odgovoran za obradu va\u0161ih li\u010dnih podataka je: Kosovar Civil Society Foundation (KCSF)Adresa: Besa Imami, Lam A, H1, Kat.12, nr. 65-1, Lakrisht\u00eb, Pri\u0161tina, KosovoTelefon: +383 38 600 633Email: office@kcsfoundation.org Koje podatke prikupljamo [&hellip;]<\/p>\n","protected":false},"author":3,"featured_media":0,"parent":0,"menu_order":4,"comment_status":"closed","ping_status":"closed","template":"","meta":{"_acf_changed":false,"inline_featured_image":false,"footnotes":""},"class_list":["post-24721","page","type-page","status-publish","hentry"],"acf":[],"yoast_head":"<!-- This site is optimized with the Yoast SEO plugin v27.4 - https:\/\/yoast.com\/product\/yoast-seo-wordpress\/ -->\n<title>POLITIKA PRIVATNOSTI - KCSF<\/title>\n<meta name=\"robots\" content=\"index, follow, max-snippet:-1, max-image-preview:large, max-video-preview:-1\" \/>\n<link rel=\"canonical\" href=\"https:\/\/kcsfoundation.org\/sr\/politika-e-privatesise\/\" \/>\n<meta property=\"og:locale\" content=\"sr_RS\" \/>\n<meta property=\"og:type\" content=\"article\" \/>\n<meta property=\"og:title\" content=\"POLITIKA PRIVATNOSTI - KCSF\" \/>\n<meta property=\"og:description\" content=\"POLITIKA PRIVATNOSTI U Kosovar Civil Society Foundation (KCSF) posve\u0107eni smo za\u0161titi va\u0161ih li\u010dnih podataka u skladu sa GDPR i zakonima Kosova. Rukovalac podataka Rukovalac odgovoran za obradu va\u0161ih li\u010dnih podataka je: Kosovar Civil Society Foundation (KCSF)Adresa: Besa Imami, Lam A, H1, Kat.12, nr. 65-1, Lakrisht\u00eb, Pri\u0161tina, KosovoTelefon: +383 38 600 633Email: office@kcsfoundation.org Koje podatke prikupljamo [&hellip;]\" \/>\n<meta property=\"og:url\" content=\"https:\/\/kcsfoundation.org\/sr\/politika-e-privatesise\/\" \/>\n<meta property=\"og:site_name\" content=\"KCSF\" \/>\n<meta property=\"article:publisher\" content=\"https:\/\/www.facebook.com\/KCSFoundation\" \/>\n<meta property=\"article:modified_time\" content=\"2026-04-17T08:35:35+00:00\" \/>\n<meta name=\"twitter:card\" content=\"summary_large_image\" \/>\n<meta name=\"twitter:label1\" content=\"\u041f\u0440\u043e\u0446\u0435\u045a\u0435\u043d\u043e \u0432\u0440\u0435\u043c\u0435 \u0447\u0438\u0442\u0430\u045a\u0430\" \/>\n\t<meta name=\"twitter:data1\" content=\"2 \u043c\u0438\u043d\u0443\u0442\u0430\" \/>\n<script type=\"application\/ld+json\" class=\"yoast-schema-graph\">{\"@context\":\"https:\\\/\\\/schema.org\",\"@graph\":[{\"@type\":\"WebPage\",\"@id\":\"https:\\\/\\\/kcsfoundation.org\\\/sr\\\/politika-e-privatesise\\\/\",\"url\":\"https:\\\/\\\/kcsfoundation.org\\\/sr\\\/politika-e-privatesise\\\/\",\"name\":\"POLITIKA PRIVATNOSTI - KCSF\",\"isPartOf\":{\"@id\":\"https:\\\/\\\/kcsfoundation.org\\\/sr\\\/#website\"},\"datePublished\":\"2026-04-17T08:01:49+00:00\",\"dateModified\":\"2026-04-17T08:35:35+00:00\",\"breadcrumb\":{\"@id\":\"https:\\\/\\\/kcsfoundation.org\\\/sr\\\/politika-e-privatesise\\\/#breadcrumb\"},\"inLanguage\":\"sr-RS\",\"potentialAction\":[{\"@type\":\"ReadAction\",\"target\":[\"https:\\\/\\\/kcsfoundation.org\\\/sr\\\/politika-e-privatesise\\\/\"]}]},{\"@type\":\"BreadcrumbList\",\"@id\":\"https:\\\/\\\/kcsfoundation.org\\\/sr\\\/politika-e-privatesise\\\/#breadcrumb\",\"itemListElement\":[{\"@type\":\"ListItem\",\"position\":1,\"name\":\"Home\",\"item\":\"https:\\\/\\\/kcsfoundation.org\\\/sr\\\/\"},{\"@type\":\"ListItem\",\"position\":2,\"name\":\"POLITIKA PRIVATNOSTI\"}]},{\"@type\":\"WebSite\",\"@id\":\"https:\\\/\\\/kcsfoundation.org\\\/sr\\\/#website\",\"url\":\"https:\\\/\\\/kcsfoundation.org\\\/sr\\\/\",\"name\":\"KCSF\",\"description\":\"Kosovar Civil Society Foundation\",\"publisher\":{\"@id\":\"https:\\\/\\\/kcsfoundation.org\\\/sr\\\/#organization\"},\"potentialAction\":[{\"@type\":\"SearchAction\",\"target\":{\"@type\":\"EntryPoint\",\"urlTemplate\":\"https:\\\/\\\/kcsfoundation.org\\\/sr\\\/?s={search_term_string}\"},\"query-input\":{\"@type\":\"PropertyValueSpecification\",\"valueRequired\":true,\"valueName\":\"search_term_string\"}}],\"inLanguage\":\"sr-RS\"},{\"@type\":\"Organization\",\"@id\":\"https:\\\/\\\/kcsfoundation.org\\\/sr\\\/#organization\",\"name\":\"KCSF\",\"url\":\"https:\\\/\\\/kcsfoundation.org\\\/sr\\\/\",\"logo\":{\"@type\":\"ImageObject\",\"inLanguage\":\"sr-RS\",\"@id\":\"https:\\\/\\\/kcsfoundation.org\\\/sr\\\/#\\\/schema\\\/logo\\\/image\\\/\",\"url\":\"https:\\\/\\\/kcsfoundation.org\\\/wp-content\\\/uploads\\\/2023\\\/05\\\/logo.svg\",\"contentUrl\":\"https:\\\/\\\/kcsfoundation.org\\\/wp-content\\\/uploads\\\/2023\\\/05\\\/logo.svg\",\"width\":138,\"height\":46,\"caption\":\"KCSF\"},\"image\":{\"@id\":\"https:\\\/\\\/kcsfoundation.org\\\/sr\\\/#\\\/schema\\\/logo\\\/image\\\/\"},\"sameAs\":[\"https:\\\/\\\/www.facebook.com\\\/KCSFoundation\"]}]}<\/script>\n<!-- \/ Yoast SEO plugin. -->","yoast_head_json":{"title":"POLITIKA PRIVATNOSTI - KCSF","robots":{"index":"index","follow":"follow","max-snippet":"max-snippet:-1","max-image-preview":"max-image-preview:large","max-video-preview":"max-video-preview:-1"},"canonical":"https:\/\/kcsfoundation.org\/sr\/politika-e-privatesise\/","og_locale":"sr_RS","og_type":"article","og_title":"POLITIKA PRIVATNOSTI - KCSF","og_description":"POLITIKA PRIVATNOSTI U Kosovar Civil Society Foundation (KCSF) posve\u0107eni smo za\u0161titi va\u0161ih li\u010dnih podataka u skladu sa GDPR i zakonima Kosova. Rukovalac podataka Rukovalac odgovoran za obradu va\u0161ih li\u010dnih podataka je: Kosovar Civil Society Foundation (KCSF)Adresa: Besa Imami, Lam A, H1, Kat.12, nr. 65-1, Lakrisht\u00eb, Pri\u0161tina, KosovoTelefon: +383 38 600 633Email: office@kcsfoundation.org Koje podatke prikupljamo [&hellip;]","og_url":"https:\/\/kcsfoundation.org\/sr\/politika-e-privatesise\/","og_site_name":"KCSF","article_publisher":"https:\/\/www.facebook.com\/KCSFoundation","article_modified_time":"2026-04-17T08:35:35+00:00","twitter_card":"summary_large_image","twitter_misc":{"\u041f\u0440\u043e\u0446\u0435\u045a\u0435\u043d\u043e \u0432\u0440\u0435\u043c\u0435 \u0447\u0438\u0442\u0430\u045a\u0430":"2 \u043c\u0438\u043d\u0443\u0442\u0430"},"schema":{"@context":"https:\/\/schema.org","@graph":[{"@type":"WebPage","@id":"https:\/\/kcsfoundation.org\/sr\/politika-e-privatesise\/","url":"https:\/\/kcsfoundation.org\/sr\/politika-e-privatesise\/","name":"POLITIKA PRIVATNOSTI - KCSF","isPartOf":{"@id":"https:\/\/kcsfoundation.org\/sr\/#website"},"datePublished":"2026-04-17T08:01:49+00:00","dateModified":"2026-04-17T08:35:35+00:00","breadcrumb":{"@id":"https:\/\/kcsfoundation.org\/sr\/politika-e-privatesise\/#breadcrumb"},"inLanguage":"sr-RS","potentialAction":[{"@type":"ReadAction","target":["https:\/\/kcsfoundation.org\/sr\/politika-e-privatesise\/"]}]},{"@type":"BreadcrumbList","@id":"https:\/\/kcsfoundation.org\/sr\/politika-e-privatesise\/#breadcrumb","itemListElement":[{"@type":"ListItem","position":1,"name":"Home","item":"https:\/\/kcsfoundation.org\/sr\/"},{"@type":"ListItem","position":2,"name":"POLITIKA PRIVATNOSTI"}]},{"@type":"WebSite","@id":"https:\/\/kcsfoundation.org\/sr\/#website","url":"https:\/\/kcsfoundation.org\/sr\/","name":"KCSF","description":"Kosovar Civil Society Foundation","publisher":{"@id":"https:\/\/kcsfoundation.org\/sr\/#organization"},"potentialAction":[{"@type":"SearchAction","target":{"@type":"EntryPoint","urlTemplate":"https:\/\/kcsfoundation.org\/sr\/?s={search_term_string}"},"query-input":{"@type":"PropertyValueSpecification","valueRequired":true,"valueName":"search_term_string"}}],"inLanguage":"sr-RS"},{"@type":"Organization","@id":"https:\/\/kcsfoundation.org\/sr\/#organization","name":"KCSF","url":"https:\/\/kcsfoundation.org\/sr\/","logo":{"@type":"ImageObject","inLanguage":"sr-RS","@id":"https:\/\/kcsfoundation.org\/sr\/#\/schema\/logo\/image\/","url":"https:\/\/kcsfoundation.org\/wp-content\/uploads\/2023\/05\/logo.svg","contentUrl":"https:\/\/kcsfoundation.org\/wp-content\/uploads\/2023\/05\/logo.svg","width":138,"height":46,"caption":"KCSF"},"image":{"@id":"https:\/\/kcsfoundation.org\/sr\/#\/schema\/logo\/image\/"},"sameAs":["https:\/\/www.facebook.com\/KCSFoundation"]}]}},"_links":{"self":[{"href":"https:\/\/kcsfoundation.org\/sr\/wp-json\/wp\/v2\/pages\/24721","targetHints":{"allow":["GET"]}}],"collection":[{"href":"https:\/\/kcsfoundation.org\/sr\/wp-json\/wp\/v2\/pages"}],"about":[{"href":"https:\/\/kcsfoundation.org\/sr\/wp-json\/wp\/v2\/types\/page"}],"author":[{"embeddable":true,"href":"https:\/\/kcsfoundation.org\/sr\/wp-json\/wp\/v2\/users\/3"}],"replies":[{"embeddable":true,"href":"https:\/\/kcsfoundation.org\/sr\/wp-json\/wp\/v2\/comments?post=24721"}],"version-history":[{"count":2,"href":"https:\/\/kcsfoundation.org\/sr\/wp-json\/wp\/v2\/pages\/24721\/revisions"}],"predecessor-version":[{"id":24727,"href":"https:\/\/kcsfoundation.org\/sr\/wp-json\/wp\/v2\/pages\/24721\/revisions\/24727"}],"wp:attachment":[{"href":"https:\/\/kcsfoundation.org\/sr\/wp-json\/wp\/v2\/media?parent=24721"}],"curies":[{"name":"wp","href":"https:\/\/api.w.org\/{rel}","templated":true}]}}